{"id":2915,"date":"2020-06-04T16:17:22","date_gmt":"2020-06-04T16:17:22","guid":{"rendered":"https:\/\/alantoszirgai.lt\/?page_id=2915"},"modified":"2022-02-09T19:24:16","modified_gmt":"2022-02-09T19:24:16","slug":"privacy-policy","status":"publish","type":"page","link":"https:\/\/alantoszirgai.lt\/en\/privacy-policy\/","title":{"rendered":"Privacy policy"},"content":{"rendered":"\t\t<div data-elementor-type=\"wp-page\" data-elementor-id=\"2915\" class=\"elementor elementor-2915 elementor-1008\" data-elementor-post-type=\"page\">\n\t\t\t\t\t\t<section class=\"elementor-section elementor-top-section elementor-element elementor-element-4d0e2292 elementor-section-boxed elementor-section-height-default elementor-section-height-default\" data-id=\"4d0e2292\" data-element_type=\"section\" data-e-type=\"section\">\n\t\t\t\t\t\t<div class=\"elementor-container elementor-column-gap-default\">\n\t\t\t\t\t<div class=\"elementor-column elementor-col-100 elementor-top-column elementor-element elementor-element-702b134f\" data-id=\"702b134f\" data-element_type=\"column\" data-e-type=\"column\">\n\t\t\t<div class=\"elementor-widget-wrap elementor-element-populated\">\n\t\t\t\t\t\t<div class=\"elementor-element elementor-element-115fbed elementor-widget elementor-widget-heading\" data-id=\"115fbed\" data-element_type=\"widget\" data-e-type=\"widget\" data-widget_type=\"heading.default\">\n\t\t\t\t<div class=\"elementor-widget-container\">\n\t\t\t\t\t<h1 class=\"elementor-heading-title elementor-size-default\">Privacy policy<\/h1>\t\t\t\t<\/div>\n\t\t\t\t<\/div>\n\t\t\t\t<div class=\"elementor-element elementor-element-3dfd6403 elementor-widget elementor-widget-text-editor\" data-id=\"3dfd6403\" data-element_type=\"widget\" data-e-type=\"widget\" data-widget_type=\"text-editor.default\">\n\t\t\t\t<div class=\"elementor-widget-container\">\n\t\t\t\t\t\t\t\t\t<p><\/p>\n<p>BENDRA INFORMACIJA<\/p>\n<p>Sodyba \u201cAlantos \u017dirgai\u201d\u00a0<span style=\"color: var( --e-global-color-72a7b98 ); letter-spacing: 0px;\">(toliau \u2013 Duomen\u0173 valdytojas)<\/span><span style=\"color: var( --e-global-color-72a7b98 ); letter-spacing: 0px;\">\u00a0\u0161ia privatumo politika (toliau \u2013 Privatumo politika) apibre\u0307z\u030cia sa\u0328lygas, kuriu\u0328 privalo laikytis visi interneto svetaine\u0307s www.alantoszirgai.lt (toliau \u2013 Interneto svetaine\u0307) lankytojai (toliau \u2013 Lankytojai). Visos i\u0161vardintos s\u0105lygos yra taikomos kiekvien\u0105 kart\u0105 Lankytojui naudojantis Sodybos \u201cAlantos \u017dirgai\u201d kuriamu turiniu, \u012fsigyjant paslaug\u0105 ar siun\u010diant u\u017eklausim\u0105, nepriklausomai nuo to,\u00a0<\/span>kok\u012f \u012frengin\u012f (kompiuter\u012f, mobil\u0173j\u012f telefon\u0105, plan\u0161et\u0119, televizori\u0173 ar kt.) (toliau &#8211; \u012erengin\u012f) Lankytojas naudoja<span style=\"color: var( --e-global-color-72a7b98 ); letter-spacing: 0px;\">.<\/span><\/p>\n<p>\u00a0<\/p>\n<p>Laikoma, kad Lankytojas susipaz\u030c\u012fsta ir patvirtina savo sutikim\u0105 laikytis Privatumo politikos, kai jis apsilanko Interneto svetain\u0117je, prisijungia prie Interneto svetain\u0117s ar i\u0328sigyja Internetin\u0117je svetain\u0117je parduodam\u0105 prek\u0119 ar paslaug\u0105. Lankytojas, nesutinkantis su kuria nors Privatumo politikos nuostata, nepatvirtina savo sutikimo ir paranda teis\u0119 lankytis Interneto svetain\u0117je, prisijungti ir naudotis visomis ar bet kuria i\u0161 Interneto svetain\u0117je teikiam\u0173 paslaug\u0173.<\/p>\n<p>Asmenys, kurie yra jaunesni negu 16 met\u0173, negali teikti joki\u0173 asmens duomen\u0173 per m\u016bs\u0173 svetain\u0119. Jei esate asmuo, kuris yra jaunesnis negu 16 met\u0173, prie\u0161 pateikdami asmenin\u0119 informacij\u0105, turite gauti savo t\u0117v\u0173 arba kit\u0173 teis\u0117t\u0173 glob\u0117j\u0173 sutikim\u0105.<\/p>\n<p>\u00a0<\/p>\n<p>Sodyba \u201cAlantos \u017dirgai\u201d \u0161ia privatumo politika nustato asmens duomen\u0173 tvarkymo s\u0105lygas naudojantis Duomen\u0173 valdytojo valdoma interneto svetaine. Privatumo politikos nustatytos s\u0105lygos taikomos kiekvien\u0105 kart\u0105 Lankytojui norint pasiekti Duomen\u0173 valdytojo teikiam\u0105 turin\u012f ar paslaug\u0105 Lankytojo naudojamu \u012erenginiu.<\/p>\n<p>\u00a0<\/p>\n<p>\u0160i Politika netaikoma, kai Lankytojas nar\u0161o kit\u0173 bendrovi\u0173 interneto svetain\u0117se ar naudojasi tre\u010di\u0173j\u0173 \u0161ali\u0173 paslaugomis lankydamasis Sodybos \u201eAlantos \u017dirgai\u201c svetain\u0117je.<\/p>\n<p>\u00a0<\/p>\n<p>Tvarkydami asmens duomenis vadovaujam\u0117s Europos S\u0105jungos Duomen\u0173 apsaugos reglamento Nr. 2016\/679, Lietuvos Respublikos asmens duomen\u0173 teisin\u0117s apsaugos \u012fstatymo, Lietuvos Respublikos elektronini\u0173 ry\u0161i\u0173 \u012fstatymo, kit\u0173 susijusi\u0173 teis\u0117s akt\u0173 reikalavimais bei kontroliuojan\u010di\u0173 institucij\u0173 nurodymais.<\/p>\n<p>\u00a0<\/p>\n<p><strong>DUOMEN\u0172 VALDYTOJO REKVIZITAI:<\/strong><\/p>\n<p><strong>Buvein\u0117s adresas:<\/strong>\u00a0Utenos g. 9, Kazl\u0173 km., Alantos sen., 33311 Mol\u0117t\u0173 raj.<\/p>\n<p><strong style=\"color: var( --e-global-color-72a7b98 ); letter-spacing: 0px;\">Tel.:<\/strong><span style=\"color: var( --e-global-color-72a7b98 ); letter-spacing: 0px;\">\u00a0<\/span><a style=\"letter-spacing: 0px; background-color: #18230f;\" href=\"tel:+37069924377\">+370 699 24377<\/a><\/p>\n<p><strong style=\"color: var( --e-global-color-72a7b98 ); letter-spacing: 0px;\">El. p.:<\/strong> <a style=\"letter-spacing: 0px; background-color: #18230f;\" href=\"mailto:alantoszirgai@gmail.com\">alantoszirgai@gmail.com<\/a><\/p>\n<p><b>Giedr\u0117 U\u017eubal\u0117<\/b><\/p>\n<p><strong>Ne PVM mok\u0117tojas<\/strong><\/p>\n<p><strong>Duomen\u0173 valdytojo s\u0105skaitos nr:<\/strong>\u00a0LT247300010071206063 (Swedbank, AB)<\/p>\n<p>\u00a0<\/p>\n<p><strong>KOKIA INFORMACIJA APIE LANKYTOJ\u0104 YRA RENKAMA?<\/strong><\/p>\n<p><em>Tiesiogiai pateikiama informacija:<\/em><\/p>\n<ul>\n<li>\n<p>Vardas<\/p>\n<\/li>\n<li>\n<p>Pavard\u0117<\/p>\n<\/li>\n<li>\n<p>Gimimo data<\/p>\n<\/li>\n<li>\n<p>Elektroninis pa\u0161to adresas<\/p>\n<\/li>\n<li>\n<p>Telefono numeris<\/p>\n<\/li>\n<\/ul>\n<p><em>INFORMACIJA, KAIP LANKYTOJAS NAUDOJA M\u016aS\u0172 SVETAIN\u0118:<\/em><\/p>\n<p>Jeigu Lankytojas lankosi Duomen\u0173 valdytojo interneto svetain\u0117je, Duomen\u0173 valdytojas, taip pat, renka informacij\u0105, kuri atskleid\u017eia \u012fmon\u0117s teikiam\u0173 paslaug\u0173 naudojimo ypatumus arba automati\u0161kai generuojama vizit\u0173 statistik\u0105. Daugiau apie tai skiltyje \u201eSlapukai\u201c.<\/p>\n<p>\u00a0<\/p>\n<p><em>INFORMACIJA I\u0160 TRE\u010cI\u0172J\u0172 \u0160ALI\u0172:<\/em><\/p>\n<p>Lankytojui prisijungiant per socialini\u0173 tinkle paskyras, tarkime \u201cFacebook\u201d, \u201cGmail\u201d ir kt. gaunama informacija gali b\u016bti siejama su kita informacija, kuri\u0105 mes gauname Lankytojui lankantis m\u016bs\u0173 internetin\u0117je svetain\u0117je.<\/p>\n<p>\u00a0<\/p>\n<p><em>KITA M\u016aS\u0172 RENKAMA INFORMACIJA:<\/em><\/p>\n<p>Informacija apie Lankytojo \u012erengin\u012f, apie Lankytojo apsilankymus ir naudojim\u0105si Interneto svetaine, i\u0328skaitant IP adresa\u0328, prisijungimo prie Interneto svetaine\u0307s laika\u0328 ir data\u0328;<\/p>\n<p>Bet kokia kita informacija, kuria\u0328 Lankytojas gali pateikti Duomen\u0173 valdytojui bet kuriuo metu, naudodamasis Duomen\u0173 valdytojo Interneto svetaine, teikiamomis paslaugomis.<\/p>\n<p>\u00a0<\/p>\n<p><strong>LANKYTOJO TEIS\u0116S:<\/strong><\/p>\n<p>Lankytojas, kuris sutiko su \u0161ios privatumo politikos s\u0105lygomis, turi \u0161ias teises:<\/p>\n<ul>\n<li>\n<p>\u017dinoti bei b\u016bti informuotas apie jo tvarkomus asmens duomenis;<\/p>\n<\/li>\n<li>\n<p>Susipa\u017einti su duomen\u0173 tvarkymo politika;<\/p>\n<\/li>\n<li>\n<p>Sustabdyti savo duomen\u0173 tvarkymo veiksmus (i\u0161skyrus saugojim\u0105);<\/p>\n<\/li>\n<li>\n<p>Nesutikti, kad lankytojo duomenys b\u016bt\u0173 tvarkomi ar naudojami tiesiogin\u0117s rinkodaros tikslais, \u012fskaitant profiliavim\u0105 tiek, kiek jis susij\u0119s su tiesiogine rinkodara.<\/p>\n<\/li>\n<\/ul>\n<p><strong>KADA NAUDOJAME LANKYTOJO PATEIKT\u0104 INFORMACIJ\u0104?<\/strong><\/p>\n<p>Lankytojo pateikiama asmenin\u0117 informacija gali b\u016bti naudojama:<\/p>\n<ul>\n<li>\n<p>leidimui naudotis atokampis.lt svetaine bei joje teikiamomis paslaugomis.<\/p>\n<\/li>\n<li>\n<p>tiesiogin\u0117s rinkodaros tikslais, su Lankytojo sutikimu (naujienlai\u0161ki\u0173 siuntimas, individuali\u0173 skelbim\u0173 siuntimas prane\u0161antis apie akcijas bei specialius pasi\u016blymus, apklaus\u0173 organizavimui, siekiant su\u017einoti nuomon\u0119 apie teikiamas paslaugas)*<\/p>\n<\/li>\n<li>\n<p>tiesiogin\u0117s rinkodaros ikslais \u2013 profiliavimu, siekiant Lankytojui pasi\u016blyti individualiai pritaikytus pasi\u016blymus bei paslaugas.*<\/p>\n<\/li>\n<li>\n<p>s\u0105skait\u0173-fakt\u016br\u0173 bei ataskait\u0173 siuntimo tikslais;<\/p>\n<\/li>\n<li>\n<p>paslaugos (pirkini\u0173 krep\u0161elio) apmok\u0117jimui per pasirinkt\u0105 i\u0161orin\u012f bankini\u0173 paslaug\u0173 teik\u0117j\u0105;<\/p>\n<\/li>\n<li>\n<p>analizuojant kiek ir kaip \u017emon\u0117s naudoja m\u016bs\u0173 teikiamas internetes paslaugas, siekiant gerinti teikiam\u0173 paslaug\u0173 kokyb\u0119 bei turin\u012f.<\/p>\n<\/li>\n<li>\n<p>Lankytojas turi teis\u0119, bet kada at\u0161aukti savo sutikim\u0105 naudoti savo duomenis rinkodaros tikslais.<\/p>\n<\/li>\n<\/ul>\n<p><strong>KAM ATSKLEID\u017dIAME LANKYTOJO INFORMACIJ\u0104?<\/strong><\/p>\n<ul>\n<li>\n<p>\u012esipareigojame neperduoti Lankytojo asmenini\u0173 duomen\u0173 jokioms nesusijusioms tre\u010diosioms \u0161alims, i\u0161skyrus:<\/p>\n<\/li>\n<li>\n<p>Jei lankytojas sutinka atskleisti savo asmeninius duomenis ir apie tai patvirtina ra\u0161tu.<\/p>\n<\/li>\n<li>\n<p>Teikiant paslaugas \u2013 m\u016bs\u0173 partneriams, u\u017esisakant paslaugas. Paslaug\u0173 tiek\u0117jams Duomen\u0173 valdytojas suteiks tik tiek Lankytojo asmenin\u0117s informacijos, kiek bus b\u016btina konkre\u010diai paslaugai atlikti.<\/p>\n<\/li>\n<li>\n<p>Teis\u0117saugos institucijoms pagal Lietuvos Respublikos teis\u0117s akt\u0173 numatyt\u0105 tvark\u0105<\/p>\n<\/li>\n<\/ul>\n<p><strong>\u00a0<\/strong><\/p>\n<p><strong>KIEK LAIKO SAUGOMI LANKYTOJO DUOMENYS?<\/strong><\/p>\n<p>Sodyba \u201eAlantos \u017dirgai\u201c saugo Lankytojo asmens duomenis ne ilgiau, negu to reikalauja duomen\u0173 tvarkymo tikslai ar numato teis\u0117s aktai, jeigu juose yra nustatytas ilgesnis duomen\u0173 saugojimas. Asmens duomenys paprastai saugomi tol, kol i\u0161 sutartini\u0173 santyki\u0173 gali kilti pagr\u012fst\u0173 reikalavim\u0173 arba kiek tai reikalinga Sodybos \u201eAlantos \u017dirgai\u201c teis\u0117tiems interesams \u012fgyvendinti ir apsaugoti. Nebereikalingi asmens duomenys sunaikinami. Teikiant elektronines paslaugas, Sodyba \u201eAlantos \u017dirgai\u201c tvarko srauto duomenis tik tiek, kiek reikalinga u\u017etikrinti tinkam\u0105 paslaug\u0173 teikim\u0105, i\u0161skyrus teis\u0117s aktuose nustatytus atvejus.<\/p>\n<p>\u00a0<\/p>\n<p><span style=\"color: var( --e-global-color-72a7b98 ); letter-spacing: 0px;\">TRE\u010cIOSIOMS \u0160ALIMS PATEIKIAMA INFORMACIJA<\/span><\/p>\n<p>Duomen\u0173 valdytojo interneto svetain\u0117je gali b\u016bti ir reklaminiai prane\u0161imai, nuorodos \u012f tre\u010di\u0173j\u0173 \u0161ali\u0173 svetaines bei j\u0173 paslaugas \u2013 duomen\u0173 valdytojas to nekontroliuoja. Duomen\u0173 valdytojas neatsako u\u017e informacijos, kuria surinko tre\u010diosios \u0161alys, saug\u0105 bei privatum\u0105. Lankytojas turi perskaityti privatumo nuostatas, taikomas tre\u010di\u0173j\u0173 \u0161ali\u0173 svetain\u0117ms ir paslaugoms, kuriomis naudojasi.<\/p>\n<p>\u00a0<\/p>\n<p><strong>BAIGIAMOSIOS NUOSTATOS<\/strong><\/p>\n<ul>\n<li>\n<p>Duomen\u0173 valdytojas turi teis\u0119 i\u0161 dalies ar visi\u0161kai pakeisti Politik\u0105.<\/p>\n<\/li>\n<li>\n<p>Privatumo Politikos papildymai ar pakeitimai \u012fsigalioja nuo j\u0173 paskelbimo Interneto svetain\u0117je dienos.<\/p>\n<\/li>\n<li>\n<p>Jei po Politikos papildymo ar pakeitimo Lankytojas ir toliau naudojasi Interneto svetaine ir jos teikiamomis paslaugomis, bei patvirtina savo sutikim\u0105, laikoma, kad Lankytojas sutinka su \u0161iais papildymais ir\/ar pakeitimais.<\/p>\n<\/li>\n<li>\n<p>\u0160i Politika per\u017ei\u016brima ne re\u010diau kaip kart\u0105 per 2 (dvejus) metus ir, esant poreikiui, atnaujinama.<strong>\u00a0<\/strong><\/p>\n<\/li>\n<\/ul>\n<p><strong>SUSISIEKITE SU MUMIS<\/strong><\/p>\n<p>Jei d\u0117l \u0161ioje Privatumo politikoje pateiktos informacijos jums i\u0161kilt\u0173 klausim\u0173, maloniai pra\u0161ome kreiptis bet kuriuo jums patogiu b\u016bdu:<\/p>\n<p><strong style=\"color: var( --e-global-color-72a7b98 ); letter-spacing: 0px;\">Telefonu:<\/strong><span style=\"color: var( --e-global-color-72a7b98 ); letter-spacing: 0px;\">\u00a0<\/span><a style=\"letter-spacing: 0px; background-color: #18230f;\" href=\"tel:+37069924377\">+370 699 24377<\/a><\/p>\n<p><strong style=\"color: var( --e-global-color-72a7b98 ); letter-spacing: 0px;\">El. pa\u0161tu:<\/strong> <a style=\"letter-spacing: 0px; background-color: #18230f;\" href=\"mailto:alantoszirgai@gmail.com\">alantoszirgai@gmail.com<\/a><\/p>\n<p>\u00a0<\/p>\n<p><strong>\u00a0SLAPUK\u0172 NAUDOJIMAS<\/strong><\/p>\n<p>Lankantis duomen\u0173 valdytojo svetain\u0117je, Lankytojui turi b\u016bti pateiktas turinys, atitinkantis jo poreikius. \u0160iam procesui reikalingi slapukai (angl. cookies) \u2013 informacijos elementai, kurie automati\u0161kai i\u0161saugo Lankytojo duomenis, nar\u0161ant duomen\u0173 valdytojo svetain\u0117je. Jie padeda i\u0161saugoti lankymosi puslapyje istorij\u0105, pritaikyti tai pagal turin\u012f, taip pat, leid\u017eia steb\u0117ti lankymosi internetin\u0117je svetain\u0117je trukm\u0119, rinkti statistin\u0119 informacij\u0105 apie lankytoj\u0173 skai\u010di\u0173 bei pri\u017ei\u016br\u0117ti skland\u0173 svetain\u0117s darb\u0105.<\/p>\n<p>Siekdama analizuoti naudojim\u0105si Interneto svetaine, Sodyba \u201eAlantos \u017dirgai\u201c naudojasi Google Analytics ir kitais pana\u0161aus pob\u016bd\u017eio \u012frankiais. \u0160ie \u012frankiai generuoja statistikos ir kit\u0105 informacij\u0105 apie Interneto svetain\u0117s naudojim\u0105 pagal slapukus, kurie yra saugomi vartotoj\u0173 kompiuteriuose. Informacija, surinkta apie apsilankymus Interneto svetain\u0117je, yra naudojama ataskait\u0173 apie Interneto svetain\u0117s naudojim\u0105 k\u016brimui.<\/p>\n<p><\/p>\n\t\t\t\t\t\t\t\t<\/div>\n\t\t\t\t<\/div>\n\t\t\t\t\t<\/div>\n\t\t<\/div>\n\t\t\t\t\t<\/div>\n\t\t<\/section>\n\t\t\t\t<\/div>\n\t\t","protected":false},"excerpt":{"rendered":"<p>Privacy policy BENDRA INFORMACIJA Sodyba \u201cAlantos \u017dirgai\u201d\u00a0(toliau \u2013 Duomen\u0173 valdytojas)\u00a0\u0161ia privatumo politika (toliau \u2013 Privatumo politika) apibre\u0307z\u030cia sa\u0328lygas, kuriu\u0328 privalo laikytis visi interneto svetaine\u0307s www.alantoszirgai.lt (toliau \u2013 Interneto svetaine\u0307) lankytojai (toliau \u2013 Lankytojai). Visos i\u0161vardintos s\u0105lygos yra taikomos kiekvien\u0105 kart\u0105 Lankytojui naudojantis Sodybos \u201cAlantos \u017dirgai\u201d kuriamu turiniu, \u012fsigyjant paslaug\u0105 ar siun\u010diant u\u017eklausim\u0105, nepriklausomai nuo to,\u00a0kok\u012f [&hellip;]<\/p>\n","protected":false},"author":1,"featured_media":0,"parent":0,"menu_order":0,"comment_status":"closed","ping_status":"closed","template":"elementor_header_footer","meta":{"inline_featured_image":false,"footnotes":""},"class_list":["post-2915","page","type-page","status-publish","hentry"],"yoast_head":"<!-- This site is optimized with the Yoast SEO Premium plugin v23.2 (Yoast SEO v27.3) - https:\/\/yoast.com\/product\/yoast-seo-premium-wordpress\/ -->\n<title>Privacy policy - Alanta Horses - Rural tourism homesteads for rent<\/title>\n<meta name=\"description\" content=\"Here you will find our privacy policy of Alanta horses. If you need any additional information please contact as at alantoszirgai@gmail.com\" \/>\n<meta name=\"robots\" content=\"index, follow, max-snippet:-1, max-image-preview:large, max-video-preview:-1\" \/>\n<link rel=\"canonical\" href=\"https:\/\/alantoszirgai.lt\/en\/privacy-policy\/\" \/>\n<meta property=\"og:locale\" content=\"en_US\" \/>\n<meta property=\"og:type\" content=\"article\" \/>\n<meta property=\"og:title\" content=\"Privacy policy\" \/>\n<meta property=\"og:description\" content=\"Here you will find our privacy policy of Alanta horses. If you need any additional information please contact as at alantoszirgai@gmail.com\" \/>\n<meta property=\"og:url\" content=\"https:\/\/alantoszirgai.lt\/en\/privacy-policy\/\" \/>\n<meta property=\"og:site_name\" content=\"Alanta Horses - Rural tourism homesteads for rent\" \/>\n<meta property=\"article:publisher\" content=\"https:\/\/www.facebook.com\/alantoszirgai\" \/>\n<meta property=\"article:modified_time\" content=\"2022-02-09T19:24:16+00:00\" \/>\n<meta name=\"twitter:card\" content=\"summary_large_image\" \/>\n<meta name=\"twitter:label1\" content=\"Est. reading time\" \/>\n\t<meta name=\"twitter:data1\" content=\"7 minutes\" \/>\n<script type=\"application\/ld+json\" class=\"yoast-schema-graph\">{\"@context\":\"https:\\\/\\\/schema.org\",\"@graph\":[{\"@type\":\"WebPage\",\"@id\":\"https:\\\/\\\/alantoszirgai.lt\\\/en\\\/privacy-policy\\\/\",\"url\":\"https:\\\/\\\/alantoszirgai.lt\\\/en\\\/privacy-policy\\\/\",\"name\":\"Privacy policy - Alanta Horses - Rural tourism homesteads for rent\",\"isPartOf\":{\"@id\":\"https:\\\/\\\/alantoszirgai.lt\\\/en\\\/#website\"},\"datePublished\":\"2020-06-04T16:17:22+00:00\",\"dateModified\":\"2022-02-09T19:24:16+00:00\",\"description\":\"Here you will find our privacy policy of Alanta horses. If you need any additional information please contact as at alantoszirgai@gmail.com\",\"breadcrumb\":{\"@id\":\"https:\\\/\\\/alantoszirgai.lt\\\/en\\\/privacy-policy\\\/#breadcrumb\"},\"inLanguage\":\"en-US\",\"potentialAction\":[{\"@type\":\"ReadAction\",\"target\":[\"https:\\\/\\\/alantoszirgai.lt\\\/en\\\/privacy-policy\\\/\"]}]},{\"@type\":\"BreadcrumbList\",\"@id\":\"https:\\\/\\\/alantoszirgai.lt\\\/en\\\/privacy-policy\\\/#breadcrumb\",\"itemListElement\":[{\"@type\":\"ListItem\",\"position\":1,\"name\":\"Prad\u017ei\u0105\",\"item\":\"https:\\\/\\\/alantoszirgai.lt\\\/en\\\/\"},{\"@type\":\"ListItem\",\"position\":2,\"name\":\"Privacy policy\"}]},{\"@type\":\"WebSite\",\"@id\":\"https:\\\/\\\/alantoszirgai.lt\\\/en\\\/#website\",\"url\":\"https:\\\/\\\/alantoszirgai.lt\\\/en\\\/\",\"name\":\"Alanta Horses - Rural tourism homesteads for rent\",\"description\":\"Cozy rest in an eco-farm surrounded by nature\",\"publisher\":{\"@id\":\"https:\\\/\\\/alantoszirgai.lt\\\/en\\\/#organization\"},\"potentialAction\":[{\"@type\":\"SearchAction\",\"target\":{\"@type\":\"EntryPoint\",\"urlTemplate\":\"https:\\\/\\\/alantoszirgai.lt\\\/en\\\/?s={search_term_string}\"},\"query-input\":{\"@type\":\"PropertyValueSpecification\",\"valueRequired\":true,\"valueName\":\"search_term_string\"}}],\"inLanguage\":\"en-US\"},{\"@type\":\"Organization\",\"@id\":\"https:\\\/\\\/alantoszirgai.lt\\\/en\\\/#organization\",\"name\":\"Alantos Zirgai\",\"url\":\"https:\\\/\\\/alantoszirgai.lt\\\/en\\\/\",\"logo\":{\"@type\":\"ImageObject\",\"inLanguage\":\"en-US\",\"@id\":\"https:\\\/\\\/alantoszirgai.lt\\\/en\\\/#\\\/schema\\\/logo\\\/image\\\/\",\"url\":\"https:\\\/\\\/alantoszirgai.lt\\\/wp-content\\\/uploads\\\/2022\\\/01\\\/Logo-Alantos-Zirgai.png\",\"contentUrl\":\"https:\\\/\\\/alantoszirgai.lt\\\/wp-content\\\/uploads\\\/2022\\\/01\\\/Logo-Alantos-Zirgai.png\",\"width\":1081,\"height\":1081,\"caption\":\"Alantos Zirgai\"},\"image\":{\"@id\":\"https:\\\/\\\/alantoszirgai.lt\\\/en\\\/#\\\/schema\\\/logo\\\/image\\\/\"},\"sameAs\":[\"https:\\\/\\\/www.facebook.com\\\/alantoszirgai\",\"https:\\\/\\\/www.instagram.com\\\/alantoszirgai\"]}]}<\/script>\n<!-- \/ Yoast SEO Premium plugin. -->","yoast_head_json":{"title":"Privacy policy - Alanta Horses - Rural tourism homesteads for rent","description":"Here you will find our privacy policy of Alanta horses. If you need any additional information please contact as at alantoszirgai@gmail.com","robots":{"index":"index","follow":"follow","max-snippet":"max-snippet:-1","max-image-preview":"max-image-preview:large","max-video-preview":"max-video-preview:-1"},"canonical":"https:\/\/alantoszirgai.lt\/en\/privacy-policy\/","og_locale":"en_US","og_type":"article","og_title":"Privacy policy","og_description":"Here you will find our privacy policy of Alanta horses. If you need any additional information please contact as at alantoszirgai@gmail.com","og_url":"https:\/\/alantoszirgai.lt\/en\/privacy-policy\/","og_site_name":"Alanta Horses - Rural tourism homesteads for rent","article_publisher":"https:\/\/www.facebook.com\/alantoszirgai","article_modified_time":"2022-02-09T19:24:16+00:00","twitter_card":"summary_large_image","twitter_misc":{"Est. reading time":"7 minutes"},"schema":{"@context":"https:\/\/schema.org","@graph":[{"@type":"WebPage","@id":"https:\/\/alantoszirgai.lt\/en\/privacy-policy\/","url":"https:\/\/alantoszirgai.lt\/en\/privacy-policy\/","name":"Privacy policy - Alanta Horses - Rural tourism homesteads for rent","isPartOf":{"@id":"https:\/\/alantoszirgai.lt\/en\/#website"},"datePublished":"2020-06-04T16:17:22+00:00","dateModified":"2022-02-09T19:24:16+00:00","description":"Here you will find our privacy policy of Alanta horses. If you need any additional information please contact as at alantoszirgai@gmail.com","breadcrumb":{"@id":"https:\/\/alantoszirgai.lt\/en\/privacy-policy\/#breadcrumb"},"inLanguage":"en-US","potentialAction":[{"@type":"ReadAction","target":["https:\/\/alantoszirgai.lt\/en\/privacy-policy\/"]}]},{"@type":"BreadcrumbList","@id":"https:\/\/alantoszirgai.lt\/en\/privacy-policy\/#breadcrumb","itemListElement":[{"@type":"ListItem","position":1,"name":"Prad\u017ei\u0105","item":"https:\/\/alantoszirgai.lt\/en\/"},{"@type":"ListItem","position":2,"name":"Privacy policy"}]},{"@type":"WebSite","@id":"https:\/\/alantoszirgai.lt\/en\/#website","url":"https:\/\/alantoszirgai.lt\/en\/","name":"Alanta Horses - Rural tourism homesteads for rent","description":"Cozy rest in an eco-farm surrounded by nature","publisher":{"@id":"https:\/\/alantoszirgai.lt\/en\/#organization"},"potentialAction":[{"@type":"SearchAction","target":{"@type":"EntryPoint","urlTemplate":"https:\/\/alantoszirgai.lt\/en\/?s={search_term_string}"},"query-input":{"@type":"PropertyValueSpecification","valueRequired":true,"valueName":"search_term_string"}}],"inLanguage":"en-US"},{"@type":"Organization","@id":"https:\/\/alantoszirgai.lt\/en\/#organization","name":"Alantos Zirgai","url":"https:\/\/alantoszirgai.lt\/en\/","logo":{"@type":"ImageObject","inLanguage":"en-US","@id":"https:\/\/alantoszirgai.lt\/en\/#\/schema\/logo\/image\/","url":"https:\/\/alantoszirgai.lt\/wp-content\/uploads\/2022\/01\/Logo-Alantos-Zirgai.png","contentUrl":"https:\/\/alantoszirgai.lt\/wp-content\/uploads\/2022\/01\/Logo-Alantos-Zirgai.png","width":1081,"height":1081,"caption":"Alantos Zirgai"},"image":{"@id":"https:\/\/alantoszirgai.lt\/en\/#\/schema\/logo\/image\/"},"sameAs":["https:\/\/www.facebook.com\/alantoszirgai","https:\/\/www.instagram.com\/alantoszirgai"]}]}},"_links":{"self":[{"href":"https:\/\/alantoszirgai.lt\/en\/wp-json\/wp\/v2\/pages\/2915","targetHints":{"allow":["GET"]}}],"collection":[{"href":"https:\/\/alantoszirgai.lt\/en\/wp-json\/wp\/v2\/pages"}],"about":[{"href":"https:\/\/alantoszirgai.lt\/en\/wp-json\/wp\/v2\/types\/page"}],"author":[{"embeddable":true,"href":"https:\/\/alantoszirgai.lt\/en\/wp-json\/wp\/v2\/users\/1"}],"replies":[{"embeddable":true,"href":"https:\/\/alantoszirgai.lt\/en\/wp-json\/wp\/v2\/comments?post=2915"}],"version-history":[{"count":0,"href":"https:\/\/alantoszirgai.lt\/en\/wp-json\/wp\/v2\/pages\/2915\/revisions"}],"wp:attachment":[{"href":"https:\/\/alantoszirgai.lt\/en\/wp-json\/wp\/v2\/media?parent=2915"}],"curies":[{"name":"wp","href":"https:\/\/api.w.org\/{rel}","templated":true}]}}