{"id":2933,"date":"2021-12-23T17:38:23","date_gmt":"2021-12-23T17:38:23","guid":{"rendered":"https:\/\/alantoszirgai.lt\/?page_id=2933"},"modified":"2022-02-09T19:25:01","modified_gmt":"2022-02-09T19:25:01","slug":"terms-conditions","status":"publish","type":"page","link":"https:\/\/alantoszirgai.lt\/en\/terms-conditions\/","title":{"rendered":"Terms &#038; Conditions"},"content":{"rendered":"\t\t<div data-elementor-type=\"wp-page\" data-elementor-id=\"2933\" class=\"elementor elementor-2933 elementor-2177\" data-elementor-post-type=\"page\">\n\t\t\t\t\t\t<section class=\"elementor-section elementor-top-section elementor-element elementor-element-141747f elementor-section-boxed elementor-section-height-default elementor-section-height-default\" data-id=\"141747f\" data-element_type=\"section\" data-e-type=\"section\">\n\t\t\t\t\t\t<div class=\"elementor-container elementor-column-gap-default\">\n\t\t\t\t\t<div class=\"elementor-column elementor-col-100 elementor-top-column elementor-element elementor-element-f579d78\" data-id=\"f579d78\" data-element_type=\"column\" data-e-type=\"column\">\n\t\t\t<div class=\"elementor-widget-wrap elementor-element-populated\">\n\t\t\t\t\t\t<div class=\"elementor-element elementor-element-8ab0680 elementor-widget elementor-widget-heading\" data-id=\"8ab0680\" data-element_type=\"widget\" data-e-type=\"widget\" data-widget_type=\"heading.default\">\n\t\t\t\t<div class=\"elementor-widget-container\">\n\t\t\t\t\t<h1 class=\"elementor-heading-title elementor-size-default\">Terms and Conditions<\/h1>\t\t\t\t<\/div>\n\t\t\t\t<\/div>\n\t\t\t\t<div class=\"elementor-element elementor-element-3b96f7b elementor-widget elementor-widget-text-editor\" data-id=\"3b96f7b\" data-element_type=\"widget\" data-e-type=\"widget\" data-widget_type=\"text-editor.default\">\n\t\t\t\t<div class=\"elementor-widget-container\">\n\t\t\t\t\t\t\t\t\t<p>AKTUALIAUSIA INFORMACIJA<br \/>Atvykimo laikas nuo 15 val.<\/p>\n<p>I\u0161vykimo laikas iki 12 val.<\/p>\n<p>Atvykus \u012f Alantos \u017dirgai sodyb\u0105 turite sumok\u0117ti piln\u0105 paslaug\u0173 kain\u0105.<\/p>\n<p>Poilsiautojams nei\u0161buvus numatyto (sutarto) nuomos laiko, sodybos \u0161eimininkai neprivalo gr\u0105\u017einti mokes\u010dio u\u017e nei\u0161b\u016bt\u0105 laik\u0105.<\/p>\n<p>GYVENAMAJAME NAME POILSIAUTOJAI GALI NAUDOTIS:<br \/>Miegamuoju kambariu, mini virtuv\u0117le ir ten esan\u010diomis priemon\u0117mis;<br \/>WC bei du\u0161u;<br \/>terasa;<\/p>\n<p>SODYBOS TERITORIJOJE POILSIAUTOJAI GALI NAUDOTIS:<br \/>Kubilu (papildoma mokama paslauga);<br \/>Pirtimi (papildoma mokama paslauga);<br \/>lau\u017eaviete;<br \/>\u0161a\u0161lykine;<br \/>Valtimis (papildoma mokama paslauga).<\/p>\n<p>POILSIAUTOJAI PRIVALO:<br \/>Susipa\u017einti su saugaus elgesio, prie\u0161gaisrin\u0117s saugos bei vidaus tvarkos taisykl\u0117mis;<br \/>u\u017esisakius papildomas mokamas sodybos paslaugas, u\u017e jas i\u0161 karto sumok\u0117ti;<br \/>prie\u0161 i\u0161vykstant i\u0161 sodybos, dalyvauti atiduodant i\u0161sinuomotas patalpas bei materialines vertybes sodybos \u0161eimininkui;<br \/>jei poilsiautojai atvyksta su vaikais \u2013 privalo r\u016bpintis j\u0173 saugumu.<\/p>\n<p>DRAUD\u017dIAMA:<br \/>Patalpose r\u016bkyti;<br \/>i\u0161kylose lauke naudoti kambariuose esan\u010dius rank\u0161luos\u010dius, antklodes ir kit\u0105 kambari\u0173 lov\u0173 inventori\u0173.<br \/>lau\u017eyti medelius, trypti g\u0117lynus, \u0161iuk\u0161linti ar kitaip niokoti teritorij\u0105;<br \/>maitinti ar erzinti sodyboje nuolat gyvenan\u010dius gyv\u016bnus.<\/p>\n<p>Poilsiautojai visi\u0161kai materialiai atsako u\u017e sugadint\u0105 ar sunaikint\u0105 sodyboje ir jos teritorijoje esant\u012f kilnojam\u0105j\u012f ir nekilnojam\u0105j\u012f turt\u0105, bei materialines vertybes (u\u017e padaryt\u0105 materialin\u0119 \u017eal\u0105 klientas atsako LR \u012fstatym\u0173 nustatyta tvarka).<\/p>\n<p>U\u017e galimus nelaimingus atsitikimus, galin\u010dius \u012fvykti sodybos teritorijoje ar u\u017e jos rib\u0173 (namo viduje, terasoje, vaik\u0161\u010diojimo takuose mi\u0161ke, kieme, pirtyje, kubile, maudantis, baidari\u0173 ar dvira\u010di\u0173 \u017eygyje ir t.t.) yra atsakingi patys poilsiautojai.<\/p>\n<p>PRIE\u0160GAISRIN\u0116S IR SAUGAUS ELGESIO TAISYKL\u0116S<br \/>Sodybos teritorijoje ugn\u012f kurti galima tik \u012frengtoje lau\u017eaviet\u0117je. Nepalikti ugnies be prie\u017ei\u016bros, j\u0105 u\u017egesinti paliekant lau\u017eaviet\u0119;<br \/>mi\u0161ke nesukelti bet kokio pob\u016bd\u017eio ugnies;<br \/>vaikams maudytis, irstytis valtimi, \u017evejoti galima tik kartu su suaugusiaisiais ir apsivilkus gelb\u0117jimosi liemenes;<br \/>namo terasoje nelipti ir nes\u0117d\u0117ti ant terasos tur\u0117kl\u0173 bei kubilo kra\u0161to;<br \/>ne\u0161okin\u0117ti \u012f kubil\u0105;<br \/>sportinius \u012frenginius naudoti tik pagal paskirt\u012f.<\/p>\n<p>POILSIAUTOJAI PRIVALO:<br \/>R\u016bkyti tik tam skirtose vietose ir nuor\u016bkas mesti tik \u012f tam skirtas talpas;<br \/>naudotis elektros prietaisais, laikantis saugumo reikalavim\u0173, neleisti jais naudotis vaikams;<br \/>nepalikti be prie\u017ei\u016bros \u012fjungt\u0173 elektros prietais\u0173;<br \/>t\u0117vai, arba pri\u017ei\u016brintys asmenys privalo u\u017etikrinti vaik\u0173 saugum\u0105;<br \/>kambaryje esan\u010di\u0105 krosnel\u0119 k\u016brenti tik leidus sodybos \u0161eimininkui ir i\u0161klausius instrukta\u017e\u0105;<br \/>malkas d\u0117ti tik tam skirtoje d\u0117tuv\u0117je, toliau nuo krosnel\u0117s. Ned\u0117ti daikt\u0173 ant krosnel\u0117s. Nek\u016brenti krosnel\u0117s buitin\u0117mis atliekomis;<br \/>laikytis saugaus atstumo nuo \u012fkaitusios krosnel\u0117s;<br \/>k\u016brenantis krosnelei nepalikti prie jos be prie\u017ei\u016bros vaik\u0173, bei neleisti vaikams jos k\u016brenti;<\/p>\n<p>POILSIAUTOJ\u0172 ATSAKOMYB\u0116:<br \/>Kiekvienas sve\u010dias individualiai atsako u\u017e atsive\u017eto maisto kokyb\u0119 ir \u0161vie\u017eum\u0105;<br \/>poilsiautojai visi\u0161kai materialiai atsako u\u017e sugadint\u0105 ar sunaikint\u0105 sodyboje ir jos teritorijoje esant\u012f kilnojam\u0105j\u012f ir nekilnojam\u0105j\u012f turt\u0105 bei materialines vertybes (u\u017e padaryt\u0105 materialin\u0119 \u017eal\u0105 klientas atsako LR \u012fstatym\u0173 nustatyta tvarka);<br \/>sve\u010diui ar jo vaikams susi\u017ealojus pa\u010diam arba su\u017ealojus savo turt\u0105 d\u0117l savo kalt\u0117s, pa\u017eeid\u017eiant saugaus elgesio, prie\u0161gaisrines ir vidaus tvarkos taisykles, paslaugos teik\u0117jas u\u017e tai neatsako;<br \/>u\u017e kitus galimus nelaimingus atsitikimus, galin\u010dius \u012fvykti namo viduje, terasoje, vaik\u0161\u010diojimo takuose mi\u0161ke, kieme, pirtyje, kubile, maudantis, baidari\u0173 ar dvira\u010di\u0173 \u017eygyje yra atsakingi patys poilsiaujantieji;<br \/>u\u017e nelaimingus atsitikimus, \u012fvykusius d\u0117l alkoholio, atsako pats sve\u010dias.<\/p>\n<p>\u0160ios taisykl\u0117s sukurtos tam, kad b\u016bt\u0173 u\u017etikrinta tvarka, siekiant maksimaliai apsaugoti Jus ir i\u0161vengti nemaloni\u0173 nesusipratim\u0173 bei skaud\u017ei\u0173 pasekmi\u0173.<\/p>\n\t\t\t\t\t\t\t\t<\/div>\n\t\t\t\t<\/div>\n\t\t\t\t\t<\/div>\n\t\t<\/div>\n\t\t\t\t\t<\/div>\n\t\t<\/section>\n\t\t\t\t<\/div>\n\t\t","protected":false},"excerpt":{"rendered":"<p>Terms and Conditions AKTUALIAUSIA INFORMACIJAAtvykimo laikas nuo 15 val. I\u0161vykimo laikas iki 12 val. Atvykus \u012f Alantos \u017dirgai sodyb\u0105 turite sumok\u0117ti piln\u0105 paslaug\u0173 kain\u0105. Poilsiautojams nei\u0161buvus numatyto (sutarto) nuomos laiko, sodybos \u0161eimininkai neprivalo gr\u0105\u017einti mokes\u010dio u\u017e nei\u0161b\u016bt\u0105 laik\u0105. GYVENAMAJAME NAME POILSIAUTOJAI GALI NAUDOTIS:Miegamuoju kambariu, mini virtuv\u0117le ir ten esan\u010diomis priemon\u0117mis;WC bei du\u0161u;terasa; SODYBOS TERITORIJOJE POILSIAUTOJAI [&hellip;]<\/p>\n","protected":false},"author":1,"featured_media":0,"parent":0,"menu_order":0,"comment_status":"closed","ping_status":"closed","template":"elementor_header_footer","meta":{"inline_featured_image":false,"footnotes":""},"class_list":["post-2933","page","type-page","status-publish","hentry"],"yoast_head":"<!-- This site is optimized with the Yoast SEO Premium plugin v23.2 (Yoast SEO v27.4) - https:\/\/yoast.com\/product\/yoast-seo-premium-wordpress\/ -->\n<title>Terms &amp; Conditions - Alanta Horses - Rural tourism homesteads for rent<\/title>\n<meta name=\"description\" content=\"Here you will find Terms &amp; Conditions of Alanta horses. If you have any additional questions please contact us at alantoszirgai@gmail.com\" \/>\n<meta name=\"robots\" content=\"index, follow, max-snippet:-1, max-image-preview:large, max-video-preview:-1\" \/>\n<link rel=\"canonical\" href=\"https:\/\/alantoszirgai.lt\/en\/terms-conditions\/\" \/>\n<meta property=\"og:locale\" content=\"en_US\" \/>\n<meta property=\"og:type\" content=\"article\" \/>\n<meta property=\"og:title\" content=\"Terms &amp; Conditions\" \/>\n<meta property=\"og:description\" content=\"Here you will find Terms &amp; Conditions of Alanta horses. If you have any additional questions please contact us at alantoszirgai@gmail.com\" \/>\n<meta property=\"og:url\" content=\"https:\/\/alantoszirgai.lt\/en\/terms-conditions\/\" \/>\n<meta property=\"og:site_name\" content=\"Alanta Horses - Rural tourism homesteads for rent\" \/>\n<meta property=\"article:publisher\" content=\"https:\/\/www.facebook.com\/alantoszirgai\" \/>\n<meta property=\"article:modified_time\" content=\"2022-02-09T19:25:01+00:00\" \/>\n<meta name=\"twitter:card\" content=\"summary_large_image\" \/>\n<meta name=\"twitter:label1\" content=\"Est. reading time\" \/>\n\t<meta name=\"twitter:data1\" content=\"4 minutes\" \/>\n<script type=\"application\/ld+json\" class=\"yoast-schema-graph\">{\"@context\":\"https:\\\/\\\/schema.org\",\"@graph\":[{\"@type\":\"WebPage\",\"@id\":\"https:\\\/\\\/alantoszirgai.lt\\\/en\\\/terms-conditions\\\/\",\"url\":\"https:\\\/\\\/alantoszirgai.lt\\\/en\\\/terms-conditions\\\/\",\"name\":\"Terms & Conditions - Alanta Horses - Rural tourism homesteads for rent\",\"isPartOf\":{\"@id\":\"https:\\\/\\\/alantoszirgai.lt\\\/en\\\/#website\"},\"datePublished\":\"2021-12-23T17:38:23+00:00\",\"dateModified\":\"2022-02-09T19:25:01+00:00\",\"description\":\"Here you will find Terms & Conditions of Alanta horses. If you have any additional questions please contact us at alantoszirgai@gmail.com\",\"breadcrumb\":{\"@id\":\"https:\\\/\\\/alantoszirgai.lt\\\/en\\\/terms-conditions\\\/#breadcrumb\"},\"inLanguage\":\"en-US\",\"potentialAction\":[{\"@type\":\"ReadAction\",\"target\":[\"https:\\\/\\\/alantoszirgai.lt\\\/en\\\/terms-conditions\\\/\"]}]},{\"@type\":\"BreadcrumbList\",\"@id\":\"https:\\\/\\\/alantoszirgai.lt\\\/en\\\/terms-conditions\\\/#breadcrumb\",\"itemListElement\":[{\"@type\":\"ListItem\",\"position\":1,\"name\":\"Prad\u017ei\u0105\",\"item\":\"https:\\\/\\\/alantoszirgai.lt\\\/en\\\/\"},{\"@type\":\"ListItem\",\"position\":2,\"name\":\"Terms &#038; Conditions\"}]},{\"@type\":\"WebSite\",\"@id\":\"https:\\\/\\\/alantoszirgai.lt\\\/en\\\/#website\",\"url\":\"https:\\\/\\\/alantoszirgai.lt\\\/en\\\/\",\"name\":\"Alanta Horses - Rural tourism homesteads for rent\",\"description\":\"Cozy rest in an eco-farm surrounded by nature\",\"publisher\":{\"@id\":\"https:\\\/\\\/alantoszirgai.lt\\\/en\\\/#organization\"},\"potentialAction\":[{\"@type\":\"SearchAction\",\"target\":{\"@type\":\"EntryPoint\",\"urlTemplate\":\"https:\\\/\\\/alantoszirgai.lt\\\/en\\\/?s={search_term_string}\"},\"query-input\":{\"@type\":\"PropertyValueSpecification\",\"valueRequired\":true,\"valueName\":\"search_term_string\"}}],\"inLanguage\":\"en-US\"},{\"@type\":\"Organization\",\"@id\":\"https:\\\/\\\/alantoszirgai.lt\\\/en\\\/#organization\",\"name\":\"Alantos Zirgai\",\"url\":\"https:\\\/\\\/alantoszirgai.lt\\\/en\\\/\",\"logo\":{\"@type\":\"ImageObject\",\"inLanguage\":\"en-US\",\"@id\":\"https:\\\/\\\/alantoszirgai.lt\\\/en\\\/#\\\/schema\\\/logo\\\/image\\\/\",\"url\":\"https:\\\/\\\/alantoszirgai.lt\\\/wp-content\\\/uploads\\\/2022\\\/01\\\/Logo-Alantos-Zirgai.png\",\"contentUrl\":\"https:\\\/\\\/alantoszirgai.lt\\\/wp-content\\\/uploads\\\/2022\\\/01\\\/Logo-Alantos-Zirgai.png\",\"width\":1081,\"height\":1081,\"caption\":\"Alantos Zirgai\"},\"image\":{\"@id\":\"https:\\\/\\\/alantoszirgai.lt\\\/en\\\/#\\\/schema\\\/logo\\\/image\\\/\"},\"sameAs\":[\"https:\\\/\\\/www.facebook.com\\\/alantoszirgai\",\"https:\\\/\\\/www.instagram.com\\\/alantoszirgai\"]}]}<\/script>\n<!-- \/ Yoast SEO Premium plugin. -->","yoast_head_json":{"title":"Terms & Conditions - Alanta Horses - Rural tourism homesteads for rent","description":"Here you will find Terms & Conditions of Alanta horses. If you have any additional questions please contact us at alantoszirgai@gmail.com","robots":{"index":"index","follow":"follow","max-snippet":"max-snippet:-1","max-image-preview":"max-image-preview:large","max-video-preview":"max-video-preview:-1"},"canonical":"https:\/\/alantoszirgai.lt\/en\/terms-conditions\/","og_locale":"en_US","og_type":"article","og_title":"Terms & Conditions","og_description":"Here you will find Terms & Conditions of Alanta horses. If you have any additional questions please contact us at alantoszirgai@gmail.com","og_url":"https:\/\/alantoszirgai.lt\/en\/terms-conditions\/","og_site_name":"Alanta Horses - Rural tourism homesteads for rent","article_publisher":"https:\/\/www.facebook.com\/alantoszirgai","article_modified_time":"2022-02-09T19:25:01+00:00","twitter_card":"summary_large_image","twitter_misc":{"Est. reading time":"4 minutes"},"schema":{"@context":"https:\/\/schema.org","@graph":[{"@type":"WebPage","@id":"https:\/\/alantoszirgai.lt\/en\/terms-conditions\/","url":"https:\/\/alantoszirgai.lt\/en\/terms-conditions\/","name":"Terms & Conditions - Alanta Horses - Rural tourism homesteads for rent","isPartOf":{"@id":"https:\/\/alantoszirgai.lt\/en\/#website"},"datePublished":"2021-12-23T17:38:23+00:00","dateModified":"2022-02-09T19:25:01+00:00","description":"Here you will find Terms & Conditions of Alanta horses. If you have any additional questions please contact us at alantoszirgai@gmail.com","breadcrumb":{"@id":"https:\/\/alantoszirgai.lt\/en\/terms-conditions\/#breadcrumb"},"inLanguage":"en-US","potentialAction":[{"@type":"ReadAction","target":["https:\/\/alantoszirgai.lt\/en\/terms-conditions\/"]}]},{"@type":"BreadcrumbList","@id":"https:\/\/alantoszirgai.lt\/en\/terms-conditions\/#breadcrumb","itemListElement":[{"@type":"ListItem","position":1,"name":"Prad\u017ei\u0105","item":"https:\/\/alantoszirgai.lt\/en\/"},{"@type":"ListItem","position":2,"name":"Terms &#038; Conditions"}]},{"@type":"WebSite","@id":"https:\/\/alantoszirgai.lt\/en\/#website","url":"https:\/\/alantoszirgai.lt\/en\/","name":"Alanta Horses - Rural tourism homesteads for rent","description":"Cozy rest in an eco-farm surrounded by nature","publisher":{"@id":"https:\/\/alantoszirgai.lt\/en\/#organization"},"potentialAction":[{"@type":"SearchAction","target":{"@type":"EntryPoint","urlTemplate":"https:\/\/alantoszirgai.lt\/en\/?s={search_term_string}"},"query-input":{"@type":"PropertyValueSpecification","valueRequired":true,"valueName":"search_term_string"}}],"inLanguage":"en-US"},{"@type":"Organization","@id":"https:\/\/alantoszirgai.lt\/en\/#organization","name":"Alantos Zirgai","url":"https:\/\/alantoszirgai.lt\/en\/","logo":{"@type":"ImageObject","inLanguage":"en-US","@id":"https:\/\/alantoszirgai.lt\/en\/#\/schema\/logo\/image\/","url":"https:\/\/alantoszirgai.lt\/wp-content\/uploads\/2022\/01\/Logo-Alantos-Zirgai.png","contentUrl":"https:\/\/alantoszirgai.lt\/wp-content\/uploads\/2022\/01\/Logo-Alantos-Zirgai.png","width":1081,"height":1081,"caption":"Alantos Zirgai"},"image":{"@id":"https:\/\/alantoszirgai.lt\/en\/#\/schema\/logo\/image\/"},"sameAs":["https:\/\/www.facebook.com\/alantoszirgai","https:\/\/www.instagram.com\/alantoszirgai"]}]}},"_links":{"self":[{"href":"https:\/\/alantoszirgai.lt\/en\/wp-json\/wp\/v2\/pages\/2933","targetHints":{"allow":["GET"]}}],"collection":[{"href":"https:\/\/alantoszirgai.lt\/en\/wp-json\/wp\/v2\/pages"}],"about":[{"href":"https:\/\/alantoszirgai.lt\/en\/wp-json\/wp\/v2\/types\/page"}],"author":[{"embeddable":true,"href":"https:\/\/alantoszirgai.lt\/en\/wp-json\/wp\/v2\/users\/1"}],"replies":[{"embeddable":true,"href":"https:\/\/alantoszirgai.lt\/en\/wp-json\/wp\/v2\/comments?post=2933"}],"version-history":[{"count":0,"href":"https:\/\/alantoszirgai.lt\/en\/wp-json\/wp\/v2\/pages\/2933\/revisions"}],"wp:attachment":[{"href":"https:\/\/alantoszirgai.lt\/en\/wp-json\/wp\/v2\/media?parent=2933"}],"curies":[{"name":"wp","href":"https:\/\/api.w.org\/{rel}","templated":true}]}}